{"id":328,"date":"2018-05-14T17:00:38","date_gmt":"2018-05-14T17:00:38","guid":{"rendered":"https:\/\/patatasnana.com\/?post_type=product&#038;p=328"},"modified":"2026-04-15T23:07:54","modified_gmt":"2026-04-15T23:07:54","slug":"patatas-nana-250gr-chips","status":"publish","type":"product","link":"https:\/\/www.patatasnana.com\/en\/prodotto\/patatas-nana-250gr-chips\/","title":{"rendered":"Patatas Nana 250gr"},"content":{"rendered":"<p>Chips 100% Naturali e Artigianali<br \/>\nFritte in padella a 155\u00b0 e salate a mano.<\/p>\n<p>Scegliamo solo materie prime selezionate, ed \u00e8 proprio la semplicit\u00e0 la chiave di tutto il progetto. Alla base di queste chips vi sono infatti tre soli ingredienti, ma di qualit\u00e0, patate, sale marino puro e olio di girasole, e un processo produttivo interamente artigianale.<\/p>\n<p>Le patate (variet\u00e0 Agria) vengono fatte maturare nella terra, poi raccolte, lavate, leggermente pelate e tagliate a fettine. Fritte in olio di girasole puro (il migliore perch\u00e9 insapore) a 155\u00b0C, vengono infine scolate, asciugate, lasciate raffreddare a temperatura ambiente e leggermente salate a mano con puro sale fino marino.<\/p>\n<p>Ingredienti: Patate, Olio di semi di Girasole, Sale Marino<\/p>\n<p>Modalit\u00e0 d\u2019uso: Si consigliano per una pausa sfiziosa, un gustoso aperitivo o anche un contorno sano e genuino, all\u2019insegna della naturalit\u00e0. Noi vi diamo le chips, la ricetta createla voi. Un\u2019esempio? Lime e pepe nero!<\/p>\n<p><strong>Ingredients:<\/strong> Patate, olio di girasole, sale<br \/>\n<strong>Valori nutrizionali per 100g<\/strong><br \/>\nCalorie: 2165,2 kJ \/ 517,13 Kcal<br \/>\nGrassi: 28,04 g<br \/>\nGrassi saturi: 16,41 g<br \/>\nCarboidrati: 58,75 g<br \/>\nZuccheri: 1,19 g<br \/>\nFibra alimentare: 3,46 g<br \/>\nProteine: 7,48 g<br \/>\nSale: 0,97 g<\/p>\n","protected":false},"excerpt":{"rendered":"<p>Patatas Nana 250 gr.<br \/>\nOrdine minimo: 4 unit\u00e0.<\/p>\n<p><img loading=\"lazy\" decoding=\"async\" class=\"alignnone wp-image-1917\" style=\"display: inline;\" src=\"https:\/\/www.patatasnana.com\/wp-content\/uploads\/2018\/04\/ICONE-PATATAS-NANA-naturali-231x300.png\" alt=\"\" width=\"72\" height=\"94\" srcset=\"https:\/\/www.patatasnana.com\/wp-content\/uploads\/2018\/04\/ICONE-PATATAS-NANA-naturali-231x300.png 231w, https:\/\/www.patatasnana.com\/wp-content\/uploads\/2018\/04\/ICONE-PATATAS-NANA-naturali.png 270w\" sizes=\"auto, (max-width: 72px) 100vw, 72px\" \/><img loading=\"lazy\" decoding=\"async\" class=\"alignnone wp-image-1918\" style=\"display: inline;\" src=\"https:\/\/www.patatasnana.com\/wp-content\/uploads\/2018\/04\/ICONE-PATATAS-NANA-gluten-free-231x300.png\" alt=\"\" width=\"72\" height=\"94\" srcset=\"https:\/\/www.patatasnana.com\/wp-content\/uploads\/2018\/04\/ICONE-PATATAS-NANA-gluten-free-231x300.png 231w, https:\/\/www.patatasnana.com\/wp-content\/uploads\/2018\/04\/ICONE-PATATAS-NANA-gluten-free.png 270w\" sizes=\"auto, (max-width: 72px) 100vw, 72px\" \/><img loading=\"lazy\" decoding=\"async\" class=\"alignnone wp-image-1919\" style=\"display: inline;\" src=\"https:\/\/www.patatasnana.com\/wp-content\/uploads\/2018\/04\/ICONE-PATATAS-NANA-vegan-231x300.png\" alt=\"\" width=\"72\" height=\"94\" srcset=\"https:\/\/www.patatasnana.com\/wp-content\/uploads\/2018\/04\/ICONE-PATATAS-NANA-vegan-231x300.png 231w, https:\/\/www.patatasnana.com\/wp-content\/uploads\/2018\/04\/ICONE-PATATAS-NANA-vegan.png 270w\" sizes=\"auto, (max-width: 72px) 100vw, 72px\" \/><img loading=\"lazy\" decoding=\"async\" class=\"alignnone wp-image-1920\" style=\"display: inline;\" src=\"https:\/\/www.patatasnana.com\/wp-content\/uploads\/2018\/04\/ICONE-PATATAS-NANA-senza-conservanti-231x300.png\" alt=\"\" width=\"72\" height=\"94\" srcset=\"https:\/\/www.patatasnana.com\/wp-content\/uploads\/2018\/04\/ICONE-PATATAS-NANA-senza-conservanti-231x300.png 231w, https:\/\/www.patatasnana.com\/wp-content\/uploads\/2018\/04\/ICONE-PATATAS-NANA-senza-conservanti.png 270w\" sizes=\"auto, (max-width: 72px) 100vw, 72px\" \/><\/p>\n","protected":false},"featured_media":2623,"template":"","meta":{"_acf_changed":false},"product_brand":[],"product_cat":[44],"product_tag":[],"class_list":{"0":"post-328","1":"product","2":"type-product","3":"status-publish","4":"has-post-thumbnail","6":"product_cat-patatine","8":"first","9":"instock","10":"taxable","11":"shipping-taxable","12":"purchasable","13":"product-type-bundle"},"bundled_by":[],"bundle_stock_status":"instock","bundle_stock_quantity":1597,"bundle_virtual":false,"bundle_layout":"default","bundle_add_to_cart_form_location":"default","bundle_editable_in_cart":false,"bundle_sold_individually_context":"product","bundle_item_grouping":"parent","bundle_min_size":"","bundle_max_size":"","bundle_price":{"price":{"min":{"incl_tax":"6","excl_tax":"6"},"max":{"incl_tax":"6","excl_tax":"6"}},"regular_price":{"min":{"incl_tax":"6","excl_tax":"6"},"max":{"incl_tax":"6","excl_tax":"6"}}},"bundled_items":[{"bundled_item_id":46,"product_id":5549,"menu_order":0,"quantity_min":1,"quantity_max":1,"quantity_default":1,"priced_individually":false,"shipped_individually":false,"override_title":false,"title":"Patatas Nana 250gr singolo","override_description":false,"description":"","optional":false,"hide_thumbnail":false,"discount":"","override_variations":false,"allowed_variations":[],"override_default_variation_attributes":false,"default_variation_attributes":[],"single_product_visibility":"hidden","cart_visibility":"hidden","order_visibility":"hidden","single_product_price_visibility":"visible","cart_price_visibility":"visible","order_price_visibility":"visible","stock_status":"in_stock"}],"bundle_sell_ids":[],"acf":[],"_links":{"self":[{"href":"https:\/\/www.patatasnana.com\/en\/wp-json\/wp\/v2\/product\/328","targetHints":{"allow":["GET"]}}],"collection":[{"href":"https:\/\/www.patatasnana.com\/en\/wp-json\/wp\/v2\/product"}],"about":[{"href":"https:\/\/www.patatasnana.com\/en\/wp-json\/wp\/v2\/types\/product"}],"wp:featuredmedia":[{"embeddable":true,"href":"https:\/\/www.patatasnana.com\/en\/wp-json\/wp\/v2\/media\/2623"}],"wp:attachment":[{"href":"https:\/\/www.patatasnana.com\/en\/wp-json\/wp\/v2\/media?parent=328"}],"wp:term":[{"taxonomy":"product_brand","embeddable":true,"href":"https:\/\/www.patatasnana.com\/en\/wp-json\/wp\/v2\/product_brand?post=328"},{"taxonomy":"product_cat","embeddable":true,"href":"https:\/\/www.patatasnana.com\/en\/wp-json\/wp\/v2\/product_cat?post=328"},{"taxonomy":"product_tag","embeddable":true,"href":"https:\/\/www.patatasnana.com\/en\/wp-json\/wp\/v2\/product_tag?post=328"}],"curies":[{"name":"wp","href":"https:\/\/api.w.org\/{rel}","templated":true}]}}